{"id":333,"date":"2016-11-05T23:12:42","date_gmt":"2016-11-05T22:12:42","guid":{"rendered":"https:\/\/thiscode.works\/clients\/portas\/?page_id=333"},"modified":"2026-04-26T15:23:52","modified_gmt":"2026-04-26T14:23:52","slug":"hlavni-strana","status":"publish","type":"page","link":"https:\/\/www.hotelportas.cz\/en\/","title":{"rendered":"Main page"},"content":{"rendered":"<p>The picturesque Javornik Mountain Range is home to more and more domestic and foreign tourists. If you do not want to limit yourself to your comfort requirements, and at the same time wish your vacation in Javorn\u00edky to be in a quieter spot, try the mountain hotel Port\u00e1\u0161. It is well accessible and lies directly on the Czech-Slovak border.<\/p>\n","protected":false},"excerpt":{"rendered":"<p>The picturesque Javornik Mountain Range is home to more and more domestic and foreign tourists. If you do not want to limit yourself to your comfort requirements, and at the same time wish your vacation in Javorn\u00edky to be in a quieter spot, try the mountain hotel Port\u00e1\u0161. It is well accessible and lies directly [&hellip;]<\/p>\n","protected":false},"author":1,"featured_media":0,"parent":0,"menu_order":0,"comment_status":"closed","ping_status":"closed","template":"","meta":{"footnotes":""},"class_list":["post-333","page","type-page","status-publish","hentry"],"yoast_head":"<!-- This site is optimized with the Yoast SEO plugin v27.5 - https:\/\/yoast.com\/product\/yoast-seo-wordpress\/ -->\n<title>Main page - Horsk\u00fd hotel Port\u00e1\u0161<\/title>\n<meta name=\"robots\" content=\"index, follow, max-snippet:-1, max-image-preview:large, max-video-preview:-1\" \/>\n<link rel=\"canonical\" href=\"https:\/\/www.hotelportas.cz\/en\/\" \/>\n<meta property=\"og:locale\" content=\"en_US\" \/>\n<meta property=\"og:type\" content=\"article\" \/>\n<meta property=\"og:title\" content=\"Main page - Horsk\u00fd hotel Port\u00e1\u0161\" \/>\n<meta property=\"og:description\" content=\"The picturesque Javornik Mountain Range is home to more and more domestic and foreign tourists. If you do not want to limit yourself to your comfort requirements, and at the same time wish your vacation in Javorn\u00edky to be in a quieter spot, try the mountain hotel Port\u00e1\u0161. It is well accessible and lies directly [&hellip;]\" \/>\n<meta property=\"og:url\" content=\"https:\/\/www.hotelportas.cz\/en\/\" \/>\n<meta property=\"og:site_name\" content=\"Horsk\u00fd hotel Port\u00e1\u0161\" \/>\n<meta property=\"article:modified_time\" content=\"2026-04-26T14:23:52+00:00\" \/>\n<meta name=\"twitter:card\" content=\"summary_large_image\" \/>\n<meta name=\"twitter:label1\" content=\"Est. reading time\" \/>\n\t<meta name=\"twitter:data1\" content=\"1 minute\" \/>\n<script type=\"application\/ld+json\" class=\"yoast-schema-graph\">{\"@context\":\"https:\\\/\\\/schema.org\",\"@graph\":[{\"@type\":\"WebPage\",\"@id\":\"https:\\\/\\\/www.hotelportas.cz\\\/en\\\/\",\"url\":\"https:\\\/\\\/www.hotelportas.cz\\\/en\\\/\",\"name\":\"Main page - Horsk\u00fd hotel Port\u00e1\u0161\",\"isPartOf\":{\"@id\":\"https:\\\/\\\/www.hotelportas.cz\\\/#website\"},\"datePublished\":\"2016-11-05T22:12:42+00:00\",\"dateModified\":\"2026-04-26T14:23:52+00:00\",\"breadcrumb\":{\"@id\":\"https:\\\/\\\/www.hotelportas.cz\\\/en\\\/#breadcrumb\"},\"inLanguage\":\"en-US\",\"potentialAction\":[{\"@type\":\"ReadAction\",\"target\":[\"https:\\\/\\\/www.hotelportas.cz\\\/en\\\/\"]}]},{\"@type\":\"BreadcrumbList\",\"@id\":\"https:\\\/\\\/www.hotelportas.cz\\\/en\\\/#breadcrumb\",\"itemListElement\":[{\"@type\":\"ListItem\",\"position\":1,\"name\":\"Home\",\"item\":\"https:\\\/\\\/www.hotelportas.cz\\\/en\\\/\"},{\"@type\":\"ListItem\",\"position\":2,\"name\":\"Main page\"}]},{\"@type\":\"WebSite\",\"@id\":\"https:\\\/\\\/www.hotelportas.cz\\\/#website\",\"url\":\"https:\\\/\\\/www.hotelportas.cz\\\/\",\"name\":\"Horsk\u00fd hotel Port\u00e1\u0161\",\"description\":\"Hotel Port\u00e1\u0161 - tradi\u010dn\u00ed vala\u0161sk\u00fd d\u0159ev\u011bn\u00fd hotel v srdci Javorn\u00edk\u016f.\",\"publisher\":{\"@id\":\"https:\\\/\\\/www.hotelportas.cz\\\/#organization\"},\"potentialAction\":[{\"@type\":\"SearchAction\",\"target\":{\"@type\":\"EntryPoint\",\"urlTemplate\":\"https:\\\/\\\/www.hotelportas.cz\\\/?s={search_term_string}\"},\"query-input\":{\"@type\":\"PropertyValueSpecification\",\"valueRequired\":true,\"valueName\":\"search_term_string\"}}],\"inLanguage\":\"en-US\"},{\"@type\":\"Organization\",\"@id\":\"https:\\\/\\\/www.hotelportas.cz\\\/#organization\",\"name\":\"Horsk\u00fd hotel Port\u00e1\u0161\",\"url\":\"https:\\\/\\\/www.hotelportas.cz\\\/\",\"logo\":{\"@type\":\"ImageObject\",\"inLanguage\":\"en-US\",\"@id\":\"https:\\\/\\\/www.hotelportas.cz\\\/#\\\/schema\\\/logo\\\/image\\\/\",\"url\":\"https:\\\/\\\/www.hotelportas.cz\\\/wp-content\\\/uploads\\\/2022\\\/05\\\/Portas-logo-domecek.png\",\"contentUrl\":\"https:\\\/\\\/www.hotelportas.cz\\\/wp-content\\\/uploads\\\/2022\\\/05\\\/Portas-logo-domecek.png\",\"width\":719,\"height\":719,\"caption\":\"Horsk\u00fd hotel Port\u00e1\u0161\"},\"image\":{\"@id\":\"https:\\\/\\\/www.hotelportas.cz\\\/#\\\/schema\\\/logo\\\/image\\\/\"}}]}<\/script>\n<!-- \/ Yoast SEO plugin. -->","yoast_head_json":{"title":"Main page - Horsk\u00fd hotel Port\u00e1\u0161","robots":{"index":"index","follow":"follow","max-snippet":"max-snippet:-1","max-image-preview":"max-image-preview:large","max-video-preview":"max-video-preview:-1"},"canonical":"https:\/\/www.hotelportas.cz\/en\/","og_locale":"en_US","og_type":"article","og_title":"Main page - Horsk\u00fd hotel Port\u00e1\u0161","og_description":"The picturesque Javornik Mountain Range is home to more and more domestic and foreign tourists. If you do not want to limit yourself to your comfort requirements, and at the same time wish your vacation in Javorn\u00edky to be in a quieter spot, try the mountain hotel Port\u00e1\u0161. It is well accessible and lies directly [&hellip;]","og_url":"https:\/\/www.hotelportas.cz\/en\/","og_site_name":"Horsk\u00fd hotel Port\u00e1\u0161","article_modified_time":"2026-04-26T14:23:52+00:00","twitter_card":"summary_large_image","twitter_misc":{"Est. reading time":"1 minute"},"schema":{"@context":"https:\/\/schema.org","@graph":[{"@type":"WebPage","@id":"https:\/\/www.hotelportas.cz\/en\/","url":"https:\/\/www.hotelportas.cz\/en\/","name":"Main page - Horsk\u00fd hotel Port\u00e1\u0161","isPartOf":{"@id":"https:\/\/www.hotelportas.cz\/#website"},"datePublished":"2016-11-05T22:12:42+00:00","dateModified":"2026-04-26T14:23:52+00:00","breadcrumb":{"@id":"https:\/\/www.hotelportas.cz\/en\/#breadcrumb"},"inLanguage":"en-US","potentialAction":[{"@type":"ReadAction","target":["https:\/\/www.hotelportas.cz\/en\/"]}]},{"@type":"BreadcrumbList","@id":"https:\/\/www.hotelportas.cz\/en\/#breadcrumb","itemListElement":[{"@type":"ListItem","position":1,"name":"Home","item":"https:\/\/www.hotelportas.cz\/en\/"},{"@type":"ListItem","position":2,"name":"Main page"}]},{"@type":"WebSite","@id":"https:\/\/www.hotelportas.cz\/#website","url":"https:\/\/www.hotelportas.cz\/","name":"Horsk\u00fd hotel Port\u00e1\u0161","description":"Hotel Port\u00e1\u0161 - tradi\u010dn\u00ed vala\u0161sk\u00fd d\u0159ev\u011bn\u00fd hotel v srdci Javorn\u00edk\u016f.","publisher":{"@id":"https:\/\/www.hotelportas.cz\/#organization"},"potentialAction":[{"@type":"SearchAction","target":{"@type":"EntryPoint","urlTemplate":"https:\/\/www.hotelportas.cz\/?s={search_term_string}"},"query-input":{"@type":"PropertyValueSpecification","valueRequired":true,"valueName":"search_term_string"}}],"inLanguage":"en-US"},{"@type":"Organization","@id":"https:\/\/www.hotelportas.cz\/#organization","name":"Horsk\u00fd hotel Port\u00e1\u0161","url":"https:\/\/www.hotelportas.cz\/","logo":{"@type":"ImageObject","inLanguage":"en-US","@id":"https:\/\/www.hotelportas.cz\/#\/schema\/logo\/image\/","url":"https:\/\/www.hotelportas.cz\/wp-content\/uploads\/2022\/05\/Portas-logo-domecek.png","contentUrl":"https:\/\/www.hotelportas.cz\/wp-content\/uploads\/2022\/05\/Portas-logo-domecek.png","width":719,"height":719,"caption":"Horsk\u00fd hotel Port\u00e1\u0161"},"image":{"@id":"https:\/\/www.hotelportas.cz\/#\/schema\/logo\/image\/"}}]}},"_links":{"self":[{"href":"https:\/\/www.hotelportas.cz\/en\/wp-json\/wp\/v2\/pages\/333","targetHints":{"allow":["GET"]}}],"collection":[{"href":"https:\/\/www.hotelportas.cz\/en\/wp-json\/wp\/v2\/pages"}],"about":[{"href":"https:\/\/www.hotelportas.cz\/en\/wp-json\/wp\/v2\/types\/page"}],"author":[{"embeddable":true,"href":"https:\/\/www.hotelportas.cz\/en\/wp-json\/wp\/v2\/users\/1"}],"replies":[{"embeddable":true,"href":"https:\/\/www.hotelportas.cz\/en\/wp-json\/wp\/v2\/comments?post=333"}],"version-history":[{"count":17,"href":"https:\/\/www.hotelportas.cz\/en\/wp-json\/wp\/v2\/pages\/333\/revisions"}],"predecessor-version":[{"id":1883,"href":"https:\/\/www.hotelportas.cz\/en\/wp-json\/wp\/v2\/pages\/333\/revisions\/1883"}],"wp:attachment":[{"href":"https:\/\/www.hotelportas.cz\/en\/wp-json\/wp\/v2\/media?parent=333"}],"curies":[{"name":"wp","href":"https:\/\/api.w.org\/{rel}","templated":true}]}}